{"id":11843,"date":"2017-01-23T11:56:20","date_gmt":"2017-01-23T11:56:20","guid":{"rendered":"http:\/\/www.turismecastelloderugat.com\/ruta-dels-pobles-veins\/"},"modified":"2017-03-14T10:10:08","modified_gmt":"2017-03-14T10:10:08","slug":"ruta-de-los-pueblos-vecinos","status":"publish","type":"page","link":"https:\/\/www.turismecastelloderugat.com\/es\/ruta-de-los-pueblos-vecinos\/","title":{"rendered":"Ruta de los pueblos vecinos"},"content":{"rendered":"[mk_page_section bg_image=\u00bbhttp:\/\/www.turismecastelloderugat.com\/wp-content\/uploads\/2017\/01\/benicadell-16.jpg\u00bb bg_position=\u00bbleft center\u00bb bg_repeat=\u00bbno-repeat\u00bb bg_stretch=\u00bbtrue\u00bb enable_3d=\u00bbtrue\u00bb speed_factor=\u00bb0.5&#8243; min_height=\u00bb0&#8243; full_height=\u00bbtrue\u00bb padding_top=\u00bb100&#8243; el_class=\u00bbsombras\u00bb sidebar=\u00bbsidebar-1&#8243;][vc_column css=\u00bb.vc_custom_1480001621304{padding-top: 25px !important;padding-right: 15px !important;padding-bottom: 15px !important;padding-left: 15px !important;background-color: rgba(10,10,10,0.24) !important;*background-color: rgb(10,10,10) !important;}\u00bb][vc_custom_heading text=\u00bbLA RUTA DE LOS PUEBLOS VECINOS\u00bb font_container=\u00bbtag:h1|font_size:3.125em|text_align:center|color:%23ffffff|line_height:1&#8243; google_fonts=\u00bbfont_family:Oswald%3A300%2Cregular%2C700|font_style:700%20bold%20regular%3A700%3Anormal\u00bb][vc_separator color=\u00bbwhite\u00bb border_width=\u00bb3&#8243; el_width=\u00bb10&#8243; el_class=\u00bbsombras\u00bb][mk_fancy_title color=\u00bb#ffffff\u00bb size=\u00bb25&#8243; font_weight=\u00bb300&#8243; font_style=\u00bbnormal\u00bb txt_transform=\u00bbnone\u00bb letter_spacing=\u00bb1&#8243; font_family=\u00bbOswald\u00bb font_type=\u00bbgoogle\u00bb align=\u00bbcenter\u00bb el_class=\u00bbsubtitulo\u00bb]\n<p class=\"Standard\"><span lang=\"CA\">Por las tierras de Rugat y de Vernissa<br \/>\n<\/span><\/p>\n[\/mk_fancy_title][mk_button_gradient dimension=\u00bbflat\u00bb size=\u00bbmedium\u00bb corner_style=\u00bbrounded\u00bb grandient_color_from=\u00bb#b47525&#8243; grandient_color_to=\u00bb#d40e27&#8243; grandient_color_angle=\u00bbhorizontal\u00bb url=\u00bb#primera\u00bb align=\u00bbcenter\u00bb margin_bottom=\u00bb31&#8243; margin_right=\u00bb0&#8243;]ENTRAR[\/mk_button_gradient][\/vc_column][\/mk_page_section][mk_page_section bg_color=\u00bb#000000&#8243; min_height=\u00bb0&#8243; padding_top=\u00bb40&#8243; padding_bottom=\u00bb100&#8243; skip_arrow=\u00bbtrue\u00bb top_shape_color=\u00bb#ffffff\u00bb bottom_shape_color=\u00bb#ffffff\u00bb section_id=\u00bbprimera\u00bb el_class=\u00bbpaisaje-verde duo\u00bb sidebar=\u00bbsidebar-1&#8243;][vc_column width=\u00bb1\/6&#8243;][\/vc_column][vc_column width=\u00bb2\/3&#8243;][vc_custom_heading text=\u00bb<br \/>\n\u00bb font_container=\u00bbtag:h2|text_align:left|color:%23dddddd\u00bb use_theme_fonts=\u00bbyes\u00bb][vc_column_text align=\u00bbcenter\u00bb el_class=\u00bbfondo-negro\u00bb]\n<p lang=\"es-ES\" align=\"justify\">Castell\u00f3 tiene mucha relaci\u00f3n con los pueblos vecinos, de hecho ejerce de capital de servicios de algunos de ellos. Desde los diferentes caminos que parten del n\u00facleo urbano podremos llegar, en bicicleta o veh\u00edculo motorizado, a los municipios que lo rodean. Un paisaje agr\u00edcola, modelado por siglos de trabajo humano, nos llevar\u00e1 a conocer la amabilidad y sencillez de los habitantes de estas tierras. Son las subcomarcas de las <i>terres de Rugat <\/i>y<i> <\/i>de<i> Vernissa<\/i>.<\/p>\n<p class=\"Standard\" style=\"text-align: justify;\"><span lang=\"CA\">\u00a0<\/span><\/p>\n[\/vc_column_text][\/vc_column][vc_column width=\u00bb1\/6&#8243;][\/vc_column][\/mk_page_section][mk_page_section bg_image=\u00bbhttp:\/\/www.turismecastelloderugat.com\/wp-content\/uploads\/2017\/01\/castell-de-rugat-5.jpg\u00bb bg_position=\u00bbcenter center\u00bb bg_repeat=\u00bbno-repeat\u00bb bg_stretch=\u00bbtrue\u00bb enable_3d=\u00bbtrue\u00bb min_height=\u00bb0&#8243; full_height=\u00bbtrue\u00bb padding_top=\u00bb20&#8243; padding_bottom=\u00bb20&#8243; sidebar=\u00bbsidebar-1&#8243;][vc_column][\/vc_column][\/mk_page_section][mk_page_section bg_color=\u00bb#000000&#8243; min_height=\u00bb0&#8243; padding_top=\u00bb40&#8243; padding_bottom=\u00bb100&#8243; skip_arrow=\u00bbtrue\u00bb top_shape_color=\u00bb#ffffff\u00bb bottom_shape_color=\u00bb#ffffff\u00bb section_id=\u00bbprimera\u00bb el_class=\u00bbpaisaje-verde duo\u00bb sidebar=\u00bbsidebar-1&#8243;][vc_column width=\u00bb1\/6&#8243;][\/vc_column][vc_column width=\u00bb2\/3&#8243;][vc_custom_heading text=\u00bbRugat<br \/>\n\u00bb font_container=\u00bbtag:h2|text_align:left|color:%23dddddd\u00bb use_theme_fonts=\u00bbyes\u00bb][vc_column_text align=\u00bbcenter\u00bb el_class=\u00bbfondo-negro\u00bb]\n<p lang=\"es-ES\" align=\"justify\">Al este de Castell\u00f3 se encuentra Rugat, a poco m\u00e1s de dos kil\u00f3metros, donde podremos llegar por carretera o diferentes caminos. Antiguo centro la baron\u00eda de Rugat, conserva el Palacio medieval con la forma original. Tambi\u00e9n la iglesia, de estilo renacentista, donde destaca un retablo obra de Nicolau Borr\u00e0s y concebido para el Monasterio de la Valldigna. Si queremos pasear por los alrededores podemos dirigirnos al \u00e1rea del Barranc de les Fonts, donde encontraremos el antiguo molino de harina, en uso hasta 1963.<\/p>\n[\/vc_column_text][\/vc_column][vc_column width=\u00bb1\/6&#8243;][\/vc_column][\/mk_page_section][mk_page_section bg_image=\u00bbhttp:\/\/www.turismecastelloderugat.com\/wp-content\/uploads\/2017\/01\/rugat-2.jpg\u00bb bg_position=\u00bbcenter center\u00bb bg_repeat=\u00bbno-repeat\u00bb bg_stretch=\u00bbtrue\u00bb enable_3d=\u00bbtrue\u00bb speed_factor=\u00bb0.5&#8243; min_height=\u00bb0&#8243; full_height=\u00bbtrue\u00bb padding_top=\u00bb20&#8243; padding_bottom=\u00bb20&#8243; sidebar=\u00bbsidebar-1&#8243;][vc_column][\/vc_column][\/mk_page_section][mk_page_section bg_color=\u00bb#000000&#8243; min_height=\u00bb0&#8243; padding_top=\u00bb40&#8243; padding_bottom=\u00bb100&#8243; skip_arrow=\u00bbtrue\u00bb top_shape_color=\u00bb#ffffff\u00bb bottom_shape_color=\u00bb#ffffff\u00bb section_id=\u00bbprimera\u00bb el_class=\u00bbpaisaje-verde duo\u00bb sidebar=\u00bbsidebar-1&#8243;][vc_column width=\u00bb1\/6&#8243;][\/vc_column][vc_column width=\u00bb2\/3&#8243;][vc_custom_heading text=\u00bbSalem<br \/>\n\u00bb font_container=\u00bbtag:h2|text_align:left|color:%23dddddd\u00bb use_theme_fonts=\u00bbyes\u00bb][vc_column_text align=\u00bbcenter\u00bb el_class=\u00bbfondo-negro\u00bb]\n<p lang=\"es-ES\" align=\"justify\">Salem, al sur de Castell\u00f3, se encuentra en una Hoya en la Umbr\u00eda del Benicadell, rodeado completamente de monta\u00f1as. Del pueblo destacan sus neveras monumentales, del siglo XVII, de cuando la industria de la nieve resplandec\u00eda. Est\u00e1 la del Castellet y la del Paller o Barcella, con pozo de m\u00e1s de once metros de di\u00e1metro. Por la Hoya de Salem discurre la <i>senda dels nevaters<\/i>. Tambi\u00e9n se encuentra el castillo de Barcelona, atalaya isl\u00e1mica entre los siglos XI y XIII. Por los alrededores de la zona recreativa de la Font de l\u2019Elca descubriremos lo conocido como <i>balsa romana<\/i> y <i>l\u2019alcavor<\/i>, interesante conjunto de arquitectura hidr\u00e1ulica.<\/p>\n<p class=\"Standard\" style=\"text-align: justify;\"><span lang=\"CA\">\u00a0<\/span><\/p>\n[\/vc_column_text][\/vc_column][vc_column width=\u00bb1\/6&#8243;][\/vc_column][\/mk_page_section][mk_page_section bg_image=\u00bbhttp:\/\/www.turismecastelloderugat.com\/wp-content\/uploads\/2017\/01\/salem.jpg\u00bb bg_position=\u00bbcenter center\u00bb bg_repeat=\u00bbno-repeat\u00bb bg_stretch=\u00bbtrue\u00bb enable_3d=\u00bbtrue\u00bb min_height=\u00bb0&#8243; full_height=\u00bbtrue\u00bb padding_top=\u00bb20&#8243; padding_bottom=\u00bb20&#8243; sidebar=\u00bbsidebar-1&#8243;][vc_column][\/vc_column][\/mk_page_section][mk_page_section bg_color=\u00bb#000000&#8243; min_height=\u00bb0&#8243; padding_top=\u00bb40&#8243; padding_bottom=\u00bb100&#8243; skip_arrow=\u00bbtrue\u00bb top_shape_color=\u00bb#ffffff\u00bb bottom_shape_color=\u00bb#ffffff\u00bb section_id=\u00bbprimera\u00bb el_class=\u00bbpaisaje-verde duo\u00bb sidebar=\u00bbsidebar-1&#8243;][vc_column width=\u00bb1\/6&#8243;][\/vc_column][vc_column width=\u00bb2\/3&#8243;][vc_custom_heading text=\u00bbR\u00e0fol de Salem\u00bb font_container=\u00bbtag:h2|text_align:left|color:%23dddddd\u00bb use_theme_fonts=\u00bbyes\u00bb][vc_column_text align=\u00bbcenter\u00bb el_class=\u00bbfondo-negro\u00bb]\n<p lang=\"es-ES\" align=\"justify\">Muy cerca de Castell\u00f3 encontramos R\u00e0fol de Salem, donde podemos llegar por la carretera que enlaza los dos pueblos. Por el camino del calvario, pasando por la ermita de Sant Blai, empieza uno de los senderos m\u00e1s bonitos de ascensi\u00f3n a la cima del Benicadell, que atraviesa los magn\u00edficos bosques de la <i>serreta<\/i> de R\u00e0fol. La ermita de Sant Blai, construida en 1460, es el primer edificio cristiano del pueblo. Desde all\u00ed se aprecian unas magn\u00edficas vistas del flanco de levante de la Vall d\u2019Albaida. Cerca del paraje, en direcci\u00f3n al Benicadell, est\u00e1n los restos del Yacimiento del Corralet, asentamiento de fines de la prehistoria con un notable muro defensivo.<\/p>\n<p class=\"Standard\" style=\"text-align: justify;\"><span lang=\"CA\">\u00a0<\/span><\/p>\n[\/vc_column_text][\/vc_column][vc_column width=\u00bb1\/6&#8243;][\/vc_column][\/mk_page_section][mk_page_section bg_image=\u00bbhttp:\/\/www.turismecastelloderugat.com\/wp-content\/uploads\/2017\/01\/rafol-de-salem.jpg\u00bb bg_position=\u00bbcenter center\u00bb bg_repeat=\u00bbno-repeat\u00bb bg_stretch=\u00bbtrue\u00bb enable_3d=\u00bbtrue\u00bb speed_factor=\u00bb0.5&#8243; min_height=\u00bb0&#8243; full_height=\u00bbtrue\u00bb padding_top=\u00bb20&#8243; padding_bottom=\u00bb20&#8243; sidebar=\u00bbsidebar-1&#8243;][vc_column][\/vc_column][\/mk_page_section][mk_page_section bg_color=\u00bb#000000&#8243; min_height=\u00bb0&#8243; padding_top=\u00bb40&#8243; padding_bottom=\u00bb100&#8243; skip_arrow=\u00bbtrue\u00bb top_shape_color=\u00bb#ffffff\u00bb bottom_shape_color=\u00bb#ffffff\u00bb section_id=\u00bbprimera\u00bb el_class=\u00bbpaisaje-verde duo\u00bb sidebar=\u00bbsidebar-1&#8243;][vc_column width=\u00bb1\/6&#8243;][\/vc_column][vc_column width=\u00bb2\/3&#8243;][vc_custom_heading text=\u00bbLa Pobla del Duc<br \/>\n\u00bb font_container=\u00bbtag:h2|text_align:left|color:%23dddddd\u00bb use_theme_fonts=\u00bbyes\u00bb][vc_column_text align=\u00bbcenter\u00bb el_class=\u00bbfondo-negro\u00bb]\n<p lang=\"es-ES\" align=\"justify\">Desde este pueblo, al norte de Castell\u00f3, disfrutaremos de unas magn\u00edficas vistas de la comarca. No en vano se le conoce como el <i>mirador de la vall<\/i>. En la Pobla encontraremos una ruta se\u00f1alizada de refugios antia\u00e9reos de la \u00e9poca de la Guerra Civil. De hecho, al <i>pla de Missena<\/i> se encuentra en desigual estado de conservaci\u00f3n un los aer\u00f3dromos militares construidos durante el conflicto. La Pobla tambi\u00e9n cuenta con el \u00e1rea recreativa de la <em>Penyeta<\/em>, agradable paraje natural.<\/p>\n<p class=\"Standard\" style=\"text-align: justify;\"><span lang=\"CA\">\u00a0<\/span><\/p>\n[\/vc_column_text][\/vc_column][vc_column width=\u00bb1\/6&#8243;][\/vc_column][\/mk_page_section][mk_page_section bg_image=\u00bbhttp:\/\/www.turismecastelloderugat.com\/wp-content\/uploads\/2017\/01\/la-pobla-del-duc.jpg\u00bb bg_position=\u00bbcenter bottom\u00bb bg_repeat=\u00bbno-repeat\u00bb bg_stretch=\u00bbtrue\u00bb enable_3d=\u00bbtrue\u00bb speed_factor=\u00bb0.5&#8243; min_height=\u00bb0&#8243; full_height=\u00bbtrue\u00bb padding_top=\u00bb20&#8243; padding_bottom=\u00bb20&#8243; sidebar=\u00bbsidebar-1&#8243;][vc_column][\/vc_column][\/mk_page_section]\n","protected":false},"excerpt":{"rendered":"<p>[mk_page_section bg_image=\u00bbhttp:\/\/www.turismecastelloderugat.com\/wp-content\/uploads\/2017\/01\/benicadell-16.jpg\u00bb bg_position=\u00bbleft center\u00bb bg_repeat=\u00bbno-repeat\u00bb bg_stretch=\u00bbtrue\u00bb enable_3d=\u00bbtrue\u00bb speed_factor=\u00bb0.5&#8243; min_height=\u00bb0&#8243; full_height=\u00bbtrue\u00bb padding_top=\u00bb100&#8243; el_class=\u00bbsombras\u00bb sidebar=\u00bbsidebar-1&#8243;][vc_column css=\u00bb.vc_custom_1480001621304{padding-top: 25px !important;padding-right: 15px !important;padding-bottom: 15px !important;padding-left: 15px !important;background-color: rgba(10,10,10,0.24) !important;*background-color: rgb(10,10,10) !important;}\u00bb][vc_custom_heading text=\u00bbLA RUTA DE LOS PUEBLOS VECINOS\u00bb font_container=\u00bbtag:h1|font_size:3.125em|text_align:center|color:%23ffffff|line_height:1&#8243; google_fonts=\u00bbfont_family:Oswald%3A300%2Cregular%2C700|font_style:700%20bold%20regular%3A700%3Anormal\u00bb][vc_separator color=\u00bbwhite\u00bb border_width=\u00bb3&#8243; el_width=\u00bb10&#8243; el_class=\u00bbsombras\u00bb][mk_fancy_title color=\u00bb#ffffff\u00bb size=\u00bb25&#8243; font_weight=\u00bb300&#8243; font_style=\u00bbnormal\u00bb txt_transform=\u00bbnone\u00bb letter_spacing=\u00bb1&#8243; font_family=\u00bbOswald\u00bb font_type=\u00bbgoogle\u00bb align=\u00bbcenter\u00bb el_class=\u00bbsubtitulo\u00bb] Por las tierras de Rugat y de [&hellip;]<\/p>\n","protected":false},"author":1,"featured_media":0,"parent":0,"menu_order":0,"comment_status":"closed","ping_status":"closed","template":"","meta":[],"yoast_head":"<!-- This site is optimized with the Yoast SEO plugin v20.2.1 - https:\/\/yoast.com\/wordpress\/plugins\/seo\/ -->\n<title>Ruta dels pobles ve\u00efns - Turisme Castell\u00f3 de Rugat<\/title>\n<meta name=\"description\" content=\"Ruta de los pueblos vecinos de Castell\u00f3 de Rugat. Des de diferentes caminos podremos llegar, en bicicleta o veh\u00edculo motorizado, a los pueblos que lo rodean.\" \/>\n<meta name=\"robots\" content=\"index, follow, max-snippet:-1, max-image-preview:large, max-video-preview:-1\" \/>\n<link rel=\"canonical\" href=\"https:\/\/www.turismecastelloderugat.com\/es\/ruta-de-los-pueblos-vecinos\/\" \/>\n<meta property=\"og:locale\" content=\"es_ES\" \/>\n<meta property=\"og:type\" content=\"article\" \/>\n<meta property=\"og:title\" content=\"Ruta de los pueblos vecinos de Castell\u00f3 de Rugat\" \/>\n<meta property=\"og:description\" content=\"Ruta de los pueblos vecinos de Castell\u00f3 de Rugat. Des de diferentes caminos podremos llegar, en bicicleta o veh\u00edculo motorizado, a los pueblos que lo rodean.\" \/>\n<meta property=\"og:url\" content=\"https:\/\/www.turismecastelloderugat.com\/es\/ruta-de-los-pueblos-vecinos\/\" \/>\n<meta property=\"og:site_name\" content=\"www.turismecastelloderugat.com\" \/>\n<meta property=\"article:modified_time\" content=\"2017-03-14T10:10:08+00:00\" \/>\n<meta name=\"twitter:card\" content=\"summary_large_image\" \/>\n<meta name=\"twitter:title\" content=\"Ruta de los pueblos vecinos de Castell\u00f3 de Rugat\" \/>\n<meta name=\"twitter:description\" content=\"Ruta de los pueblos vecinos de Castell\u00f3 de Rugat. Des de diferentes caminos podremos llegar, en bicicleta o veh\u00edculo motorizado, a los pueblos que lo rodean.\" \/>\n<meta name=\"twitter:label1\" content=\"Tiempo de lectura\" \/>\n\t<meta name=\"twitter:data1\" content=\"6 minutos\" \/>\n<script type=\"application\/ld+json\" class=\"yoast-schema-graph\">{\"@context\":\"https:\/\/schema.org\",\"@graph\":[{\"@type\":\"WebPage\",\"@id\":\"https:\/\/www.turismecastelloderugat.com\/es\/ruta-de-los-pueblos-vecinos\/\",\"url\":\"https:\/\/www.turismecastelloderugat.com\/es\/ruta-de-los-pueblos-vecinos\/\",\"name\":\"Ruta dels pobles ve\u00efns - Turisme Castell\u00f3 de Rugat\",\"isPartOf\":{\"@id\":\"https:\/\/www.turismecastelloderugat.com\/#website\"},\"datePublished\":\"2017-01-23T11:56:20+00:00\",\"dateModified\":\"2017-03-14T10:10:08+00:00\",\"description\":\"Ruta de los pueblos vecinos de Castell\u00f3 de Rugat. Des de diferentes caminos podremos llegar, en bicicleta o veh\u00edculo motorizado, a los pueblos que lo rodean.\",\"breadcrumb\":{\"@id\":\"https:\/\/www.turismecastelloderugat.com\/es\/ruta-de-los-pueblos-vecinos\/#breadcrumb\"},\"inLanguage\":\"es\",\"potentialAction\":[{\"@type\":\"ReadAction\",\"target\":[\"https:\/\/www.turismecastelloderugat.com\/es\/ruta-de-los-pueblos-vecinos\/\"]}]},{\"@type\":\"BreadcrumbList\",\"@id\":\"https:\/\/www.turismecastelloderugat.com\/es\/ruta-de-los-pueblos-vecinos\/#breadcrumb\",\"itemListElement\":[{\"@type\":\"ListItem\",\"position\":1,\"name\":\"Inici\",\"item\":\"https:\/\/www.turismecastelloderugat.com\/es\/\"},{\"@type\":\"ListItem\",\"position\":2,\"name\":\"Ruta de los pueblos vecinos\"}]},{\"@type\":\"WebSite\",\"@id\":\"https:\/\/www.turismecastelloderugat.com\/#website\",\"url\":\"https:\/\/www.turismecastelloderugat.com\/\",\"name\":\"www.turismecastelloderugat.com\",\"description\":\"Castell\u00f3 de Rugat, porta del Benicadell\",\"potentialAction\":[{\"@type\":\"SearchAction\",\"target\":{\"@type\":\"EntryPoint\",\"urlTemplate\":\"https:\/\/www.turismecastelloderugat.com\/?s={search_term_string}\"},\"query-input\":\"required name=search_term_string\"}],\"inLanguage\":\"es\"}]}<\/script>\n<!-- \/ Yoast SEO plugin. -->","yoast_head_json":{"title":"Ruta dels pobles ve\u00efns - Turisme Castell\u00f3 de Rugat","description":"Ruta de los pueblos vecinos de Castell\u00f3 de Rugat. Des de diferentes caminos podremos llegar, en bicicleta o veh\u00edculo motorizado, a los pueblos que lo rodean.","robots":{"index":"index","follow":"follow","max-snippet":"max-snippet:-1","max-image-preview":"max-image-preview:large","max-video-preview":"max-video-preview:-1"},"canonical":"https:\/\/www.turismecastelloderugat.com\/es\/ruta-de-los-pueblos-vecinos\/","og_locale":"es_ES","og_type":"article","og_title":"Ruta de los pueblos vecinos de Castell\u00f3 de Rugat","og_description":"Ruta de los pueblos vecinos de Castell\u00f3 de Rugat. Des de diferentes caminos podremos llegar, en bicicleta o veh\u00edculo motorizado, a los pueblos que lo rodean.","og_url":"https:\/\/www.turismecastelloderugat.com\/es\/ruta-de-los-pueblos-vecinos\/","og_site_name":"www.turismecastelloderugat.com","article_modified_time":"2017-03-14T10:10:08+00:00","twitter_card":"summary_large_image","twitter_title":"Ruta de los pueblos vecinos de Castell\u00f3 de Rugat","twitter_description":"Ruta de los pueblos vecinos de Castell\u00f3 de Rugat. Des de diferentes caminos podremos llegar, en bicicleta o veh\u00edculo motorizado, a los pueblos que lo rodean.","twitter_misc":{"Tiempo de lectura":"6 minutos"},"schema":{"@context":"https:\/\/schema.org","@graph":[{"@type":"WebPage","@id":"https:\/\/www.turismecastelloderugat.com\/es\/ruta-de-los-pueblos-vecinos\/","url":"https:\/\/www.turismecastelloderugat.com\/es\/ruta-de-los-pueblos-vecinos\/","name":"Ruta dels pobles ve\u00efns - Turisme Castell\u00f3 de Rugat","isPartOf":{"@id":"https:\/\/www.turismecastelloderugat.com\/#website"},"datePublished":"2017-01-23T11:56:20+00:00","dateModified":"2017-03-14T10:10:08+00:00","description":"Ruta de los pueblos vecinos de Castell\u00f3 de Rugat. Des de diferentes caminos podremos llegar, en bicicleta o veh\u00edculo motorizado, a los pueblos que lo rodean.","breadcrumb":{"@id":"https:\/\/www.turismecastelloderugat.com\/es\/ruta-de-los-pueblos-vecinos\/#breadcrumb"},"inLanguage":"es","potentialAction":[{"@type":"ReadAction","target":["https:\/\/www.turismecastelloderugat.com\/es\/ruta-de-los-pueblos-vecinos\/"]}]},{"@type":"BreadcrumbList","@id":"https:\/\/www.turismecastelloderugat.com\/es\/ruta-de-los-pueblos-vecinos\/#breadcrumb","itemListElement":[{"@type":"ListItem","position":1,"name":"Inici","item":"https:\/\/www.turismecastelloderugat.com\/es\/"},{"@type":"ListItem","position":2,"name":"Ruta de los pueblos vecinos"}]},{"@type":"WebSite","@id":"https:\/\/www.turismecastelloderugat.com\/#website","url":"https:\/\/www.turismecastelloderugat.com\/","name":"www.turismecastelloderugat.com","description":"Castell\u00f3 de Rugat, porta del Benicadell","potentialAction":[{"@type":"SearchAction","target":{"@type":"EntryPoint","urlTemplate":"https:\/\/www.turismecastelloderugat.com\/?s={search_term_string}"},"query-input":"required name=search_term_string"}],"inLanguage":"es"}]}},"_links":{"self":[{"href":"https:\/\/www.turismecastelloderugat.com\/es\/wp-json\/wp\/v2\/pages\/11843"}],"collection":[{"href":"https:\/\/www.turismecastelloderugat.com\/es\/wp-json\/wp\/v2\/pages"}],"about":[{"href":"https:\/\/www.turismecastelloderugat.com\/es\/wp-json\/wp\/v2\/types\/page"}],"author":[{"embeddable":true,"href":"https:\/\/www.turismecastelloderugat.com\/es\/wp-json\/wp\/v2\/users\/1"}],"replies":[{"embeddable":true,"href":"https:\/\/www.turismecastelloderugat.com\/es\/wp-json\/wp\/v2\/comments?post=11843"}],"version-history":[{"count":5,"href":"https:\/\/www.turismecastelloderugat.com\/es\/wp-json\/wp\/v2\/pages\/11843\/revisions"}],"predecessor-version":[{"id":12016,"href":"https:\/\/www.turismecastelloderugat.com\/es\/wp-json\/wp\/v2\/pages\/11843\/revisions\/12016"}],"wp:attachment":[{"href":"https:\/\/www.turismecastelloderugat.com\/es\/wp-json\/wp\/v2\/media?parent=11843"}],"curies":[{"name":"wp","href":"https:\/\/api.w.org\/{rel}","templated":true}]}}